{"id":10020,"date":"2022-08-03T12:26:53","date_gmt":"2022-08-03T10:26:53","guid":{"rendered":"https:\/\/taleacoast.al\/\/privacy-policy\/"},"modified":"2022-08-03T12:40:24","modified_gmt":"2022-08-03T10:40:24","slug":"privacy-policy","status":"publish","type":"page","link":"https:\/\/taleacoast.al\/it\/privacy-policy\/","title":{"rendered":"Privacy Policy"},"content":{"rendered":"\n<p><strong>Talea Coast<\/strong> raccoglie e tratta i dati personali dei propri clienti in adempimento dei propri diritti e obblighi legali e contrattuali e nel pieno rispetto della legge n. 9887 del 10.3.2008, &#8220;Sulla protezione dei dati personali&#8221; (modificata). Nell&#8217;ambito dell&#8217;utilizzo di il sito ufficiale www.taleacoast.al, <strong><strong>Talea Coast<\/strong><\/strong> pu\u00f2 raccogliere dati personali direttamente compilando moduli di richiesta online a <strong>Talea Coast<\/strong> che sono registrati nei suoi sistemi o in quelli di fornitori di servizi da essa autorizzati. Il completamento di questi dati \u00e8 volontario.<br\/><strong><br\/><strong>Talea Coast<\/strong><\/strong> assicura agli interessati che i dati personali sono raccolti e trattati solo ai fini della realizzazione del rapporto contrattuale e informativo.Utilizzando il portale e\/o dando il consenso alla registrazione\/contatto, gli interessati acconsentono all&#8217;ulteriore trattamento e garantiscono che il i dati personali inseriti sono corretti, veritieri ed aggiornati. Inoltre, l&#8217;interessato \u00e8 responsabile dell&#8217;aggiornamento dei dati registrati per garantire che le informazioni siano costantemente e completamente aggiornate. Gli interessati hanno il diritto di chiedere l&#8217;accesso ai propri dati nonch\u00e9 di chiedere che tali dati siano rettificati o aggiornati secondo quanto previsto dagli articoli 13 e 18 della Legge 9887 del 10.3.2008 \u201cSulla protezione dei dati personali\u201d. K\u00ebrkesa mund t\u00eb drejtohet n\u00eb adres\u00ebn info@taleacoast.al<br\/><strong><br\/><strong>Talea Coast<\/strong><\/strong> garantisce di aver adottato tutte le misure fisiche, tecniche e operative atte a preservare la riservatezza nonch\u00e9 la protezione da perdita, distruzione, danneggiamento o anche distribuzione non autorizzata, in conformit\u00e0 con quanto previsto dalla Legge 10.3.2008 n. 9887, &#8220;Sulla protezione dei dati personali\u00bb (modificato). I dati personali, raccolti e conservati nella banca dati di <strong>Talea Coast<\/strong>, saranno trattati da dipendenti e\/o collaboratori del titolare o incaricati del trattamento. Tali dati non verranno ceduti o comunicati a terzi, salvo nei casi in cui sia stato prestato il consenso o quando tale informativa sia richiesta dalle autorit\u00e0 competenti ai sensi di legge.<\/p>\n\n<p>Gli interessati hanno il diritto di negare in qualsiasi momento il consenso alla raccolta e all&#8217;utilizzo dei dati loro volontariamente comunicati e di chiederne la cancellazione esercitando il diritto di risoluzione del contratto concluso tra le parti. Leggendo il contenuto di questa sezione, gli interessati hanno accettato i termini e le condizioni relativi alla privacy policy di <strong>Talea Coast<\/strong>.<\/p>\n","protected":false},"excerpt":{"rendered":"<p>Talea Coast raccoglie e tratta i dati personali dei propri clienti in adempimento dei propri diritti e obblighi legali e contrattuali e nel pieno rispetto della legge n. 9887 del 10.3.2008, &#8220;Sulla protezione dei dati personali&#8221; (modificata). Nell&#8217;ambito dell&#8217;utilizzo di il sito ufficiale www.taleacoast.al, Talea Coast pu\u00f2 raccogliere dati personali direttamente compilando moduli di richiesta&#8230;<\/p>\n","protected":false},"author":1,"featured_media":0,"parent":0,"menu_order":0,"comment_status":"closed","ping_status":"closed","template":"","meta":{"_acf_changed":false,"inline_featured_image":false,"footnotes":""},"class_list":["post-10020","page","type-page","status-publish","hentry"],"acf":[],"_links":{"self":[{"href":"https:\/\/taleacoast.al\/it\/wp-json\/wp\/v2\/pages\/10020","targetHints":{"allow":["GET"]}}],"collection":[{"href":"https:\/\/taleacoast.al\/it\/wp-json\/wp\/v2\/pages"}],"about":[{"href":"https:\/\/taleacoast.al\/it\/wp-json\/wp\/v2\/types\/page"}],"author":[{"embeddable":true,"href":"https:\/\/taleacoast.al\/it\/wp-json\/wp\/v2\/users\/1"}],"replies":[{"embeddable":true,"href":"https:\/\/taleacoast.al\/it\/wp-json\/wp\/v2\/comments?post=10020"}],"version-history":[{"count":0,"href":"https:\/\/taleacoast.al\/it\/wp-json\/wp\/v2\/pages\/10020\/revisions"}],"wp:attachment":[{"href":"https:\/\/taleacoast.al\/it\/wp-json\/wp\/v2\/media?parent=10020"}],"curies":[{"name":"wp","href":"https:\/\/api.w.org\/{rel}","templated":true}]}}